{"id":1807,"date":"2021-10-21T07:50:00","date_gmt":"2021-10-21T07:50:00","guid":{"rendered":"https:\/\/tradingexpo.co\/?page_id=1807"},"modified":"2026-02-05T07:50:43","modified_gmt":"2026-02-05T07:50:43","slug":"links","status":"publish","type":"page","link":"https:\/\/tradingexpo.co\/index.php\/links\/","title":{"rendered":"Links"},"content":{"rendered":"<p><span style=\"color: #ffffff;\">Antalya Escort Bayan HAyriye<\/span><br \/>\n<span style=\"color: #ffffff;\">Merhabalar de\u011ferli beyler, profilime hepiniz ho\u015f geldiniz. Ben B\u00fc\u015fra, Ankara\u2019n\u0131n en ate\u015fli ve en azg\u0131n escort bayanlar\u0131ndan biriyim. Dul bir bayan\u0131m ve i\u00e7imdeki s\u00f6nmek bilmeyen seks ate\u015fini s\u00f6nd\u00fcrmek, hem kendime, hem de sizlere en g\u00fczel zevkleri ya\u015fatmak i\u00e7in hizmet vermekte olan bir Antalya escort bayan\u0131m.Antalyada\u2019da ikamet etmekte olan ve seks ate\u015fi ile yan\u0131p tutu\u015fan azg\u0131n ve yak\u0131\u015f\u0131kl\u0131 beyefendiler, ate\u015fli ve lezbiyen seksten ho\u015flanan de\u011ferli bayanlar ve sevgili ya da e\u015f olarak g\u00f6r\u00fc\u015fmek isteyen de\u011ferli beyler. Ben Ceyda, 24 ya\u015f\u0131nda, olduk\u00e7a gen\u00e7, g\u00fczel, ate\u015fli, azg\u0131n ve seksi bir bayan\u0131m. Sar\u0131\u015f\u0131n, ela g\u00f6zl\u00fc, 178 boyunda, 58 kiloda, olduk\u00e7a g\u00fczel, \u00f6zel, zay\u0131f, ince ve k\u0131vrak belli bir k\u0131z\u0131m. Sizlere harika bir kucak dans\u0131 ile daha \u00f6nceden ya\u015famam\u0131\u015f oldu\u011funuz bu harika hizmeti de sunan bir <a style=\"color: #ffffff;\" href=\"https:\/\/www.laraescortfk.com\/\">Escort Antalya<\/a>y\u0131m. Sizler ile zevkin doruk noktalar\u0131na \u00e7\u0131kmak ve en g\u00fczel fantezileri ya\u015famak i\u00e7in sab\u0131rs\u0131zlan\u0131yorum. Sizler de benim gibi sab\u0131rs\u0131z biriyseniz hemen beni aray\u0131n ve g\u00f6r\u00fc\u015fmelerimizi ayarlayal\u0131m.<\/span><br \/>\n<span style=\"color: #ffffff;\">De\u011ferli misafirlerim, ben g\u00f6r\u00fc\u015fmelerimde sizlere kalite ve sa\u011fl\u0131k ad\u0131na \u00f6zel bir hizmet vermek istiyorum, bu y\u00fczden g\u00f6r\u00fc\u015fmelerimde sizlere asla ama asla anal seks, kondomsuz seks, grup seks, cim ve cif hizmetleri sunmuyorum. Bunlar\u0131n d\u0131\u015f\u0131nda ise en g\u00fczel fantezilere tamamen a\u00e7\u0131k bir <a style=\"color: #ffffff;\" href=\"https:\/\/serik.laraescortfk.com\/\">Serik Bayan Escort<\/a>. Ben g\u00f6r\u00fc\u015fmelerimi sizlerin isteklerinize g\u00f6re ister kendi evimde, ister 5 y\u0131ld\u0131zl\u0131 otellerde ger\u00e7ekle\u015ftiriyorum. Otel g\u00f6r\u00fc\u015fmelerim i\u00e7in rezervasyon i\u015flerini sizlere b\u0131rak\u0131yorum ve geldi\u011fimde g\u00f6r\u00fc\u015fme \u00fccretime ek olarak taksi \u00fccreti de talep ediyorum. G\u00f6r\u00fc\u015fmelerimde g\u00f6r\u00fc\u015fme \u00fccretlerimde asla ama asla pazarl\u0131k yapm\u0131yorum, yasaklar\u0131m konusunda ise sizlere asla taviz vermiyorum arkada\u015flar.<\/span><br \/>\n<span style=\"color: #ffffff;\">Selamlar ve sevgiler de\u011ferli beyefendiler, ben \u00c7i\u011fdem, sizlere hayat\u0131n her an\u0131nda en g\u00fczel ve en \u00f6zel \u015fekilde e\u015flik etmekte olan harika bir Antalya escort bayan\u0131m. \u015eimdi \u00f6ncelikle sizlere kendimi tan\u0131tmak istiyorum de\u011ferli misafirlerim. Ben 27 ya\u015f\u0131nda, olduk\u00e7a gen\u00e7 ve g\u00fczel, harika bir fizi\u011fe sahip olan, p\u00fcr\u00fczs\u00fcz bir teni olan, sar\u0131\u015f\u0131n, mavi g\u00f6zl\u00fc, uzun boylu ve zay\u0131f, manken gibi bir k\u0131z\u0131m. Ankara\u2019da ya\u015f\u0131yorum, sizlere hayat\u0131n\u0131z\u0131n her an\u0131nda e\u015flik etmekteyim. Benim ile dilerseniz i\u015f g\u00f6r\u00fc\u015fmelerinize, i\u015f toplant\u0131lar\u0131n\u0131za ya da i\u015f yemeklerinize beraber gidebilir, dilerseniz yaz ya da k\u0131\u015f tatillerinizi en g\u00fczel ve en s\u0131cak \u015fekilde beraber ge\u00e7irebilir, dilerseniz gece kul\u00fcb\u00fc, disko, bar gibi \u00f6zel e\u011flence mekanlar\u0131nda sabahlara kadar e\u011flenebilir ya da s\u0131cac\u0131k yatakta ate\u015fli fanteziler ile harika bir seks g\u00f6r\u00fc\u015fmesi ger\u00e7ekle\u015ftirebiliriz.<\/span><br \/>\n<span style=\"color: #ffffff;\">De\u011feri beyefendiler, ben seks g\u00f6r\u00fc\u015fmelerim i\u00e7in sizleri bilgilendirmek istiyorum. Ben bu harika seks g\u00f6r\u00fc\u015fmelerimi kendi evimde ya da otellerde ger\u00e7ekle\u015ftiriyorum. 5 y\u0131ld\u0131zl\u0131 oteller d\u0131\u015f\u0131nda g\u00f6r\u00fc\u015fme yapm\u0131yorum. Ben g\u00f6r\u00fc\u015fmelerimde kaliteli bir hizmet verebilmek i\u00e7in sizlerin istek ve zevklerinize paralel hizmet veriyorum. Bu harika g\u00f6r\u00fc\u015fmelerimde benim anal seks ve grup seks haricinde s\u0131n\u0131rs\u0131z olarak hizmet veren bir <a style=\"color: #ffffff;\" href=\"https:\/\/www.laraescortfk.com\/\">Lara Bayan Escort<\/a>y\u0131m. Bu konularda asla \u0131srarc\u0131 olman\u0131z\u0131 istemiyorum. Benim gibi bir bayan ile g\u00f6r\u00fc\u015fmek isterseniz arayarak randevu alman\u0131z\u0131 rica ediyorum beyler.<\/span><\/p>\n","protected":false},"excerpt":{"rendered":"<p>Antalya Escort Bayan HAyriye Merhabalar de\u011ferli beyler, profilime hepiniz ho\u015f geldiniz. Ben B\u00fc\u015fra, Ankara\u2019n\u0131n en ate\u015fli ve en azg\u0131n escort bayanlar\u0131ndan biriyim. Dul bir bayan\u0131m ve i\u00e7imdeki s\u00f6nmek bilmeyen seks ate\u015fini s\u00f6nd\u00fcrmek, hem kendime, hem de sizlere en g\u00fczel zevkleri ya\u015fatmak i\u00e7in hizmet vermekte olan bir Antalya escort bayan\u0131m.Antalyada\u2019da ikamet etmekte olan ve seks ate\u015fi [&hellip;]<\/p>\n","protected":false},"author":2,"featured_media":0,"parent":0,"menu_order":0,"comment_status":"closed","ping_status":"closed","template":"","meta":{"footnotes":""},"class_list":["post-1807","page","type-page","status-publish","hentry"],"_links":{"self":[{"href":"https:\/\/tradingexpo.co\/index.php\/wp-json\/wp\/v2\/pages\/1807","targetHints":{"allow":["GET"]}}],"collection":[{"href":"https:\/\/tradingexpo.co\/index.php\/wp-json\/wp\/v2\/pages"}],"about":[{"href":"https:\/\/tradingexpo.co\/index.php\/wp-json\/wp\/v2\/types\/page"}],"author":[{"embeddable":true,"href":"https:\/\/tradingexpo.co\/index.php\/wp-json\/wp\/v2\/users\/2"}],"replies":[{"embeddable":true,"href":"https:\/\/tradingexpo.co\/index.php\/wp-json\/wp\/v2\/comments?post=1807"}],"version-history":[{"count":1,"href":"https:\/\/tradingexpo.co\/index.php\/wp-json\/wp\/v2\/pages\/1807\/revisions"}],"predecessor-version":[{"id":1809,"href":"https:\/\/tradingexpo.co\/index.php\/wp-json\/wp\/v2\/pages\/1807\/revisions\/1809"}],"wp:attachment":[{"href":"https:\/\/tradingexpo.co\/index.php\/wp-json\/wp\/v2\/media?parent=1807"}],"curies":[{"name":"wp","href":"https:\/\/api.w.org\/{rel}","templated":true}]}}